{"id":203,"date":"2023-01-19T14:20:51","date_gmt":"2023-01-19T17:20:51","guid":{"rendered":"https:\/\/bscash.com.br\/materiais\/?page_id=203"},"modified":"2023-01-24T16:56:15","modified_gmt":"2023-01-24T19:56:15","slug":"obrigado-por-solicitar","status":"publish","type":"page","link":"https:\/\/bscash.com.br\/materiais\/obrigado-por-solicitar\/","title":{"rendered":"Automa\u00e7\u00e3o Calend\u00e1rio 2023 Emails &#8211; P\u00e1gina de Obrigado"},"content":{"rendered":"\t\t<div data-elementor-type=\"wp-page\" data-elementor-id=\"203\" class=\"elementor elementor-203\">\n\t\t\t\t\t\t\t\t\t<section class=\"elementor-section elementor-top-section elementor-element elementor-element-e0752f1 elementor-section-full_width elementor-section-height-default elementor-section-height-default\" data-id=\"e0752f1\" data-element_type=\"section\" data-settings=\"{&quot;background_background&quot;:&quot;classic&quot;}\">\n\t\t\t\t\t\t<div class=\"elementor-container elementor-column-gap-default\">\n\t\t\t\t\t<div class=\"elementor-column elementor-col-100 elementor-top-column elementor-element elementor-element-da0a9ab\" data-id=\"da0a9ab\" data-element_type=\"column\">\n\t\t\t<div class=\"elementor-widget-wrap elementor-element-populated\">\n\t\t\t\t\t\t\t\t<section class=\"elementor-section elementor-inner-section elementor-element elementor-element-9ebe974 elementor-section-boxed elementor-section-height-default elementor-section-height-default\" data-id=\"9ebe974\" data-element_type=\"section\">\n\t\t\t\t\t\t<div class=\"elementor-container elementor-column-gap-default\">\n\t\t\t\t\t<div class=\"elementor-column elementor-col-100 elementor-inner-column elementor-element elementor-element-4dee7a1\" data-id=\"4dee7a1\" data-element_type=\"column\">\n\t\t\t<div class=\"elementor-widget-wrap elementor-element-populated\">\n\t\t\t\t\t\t\t\t<div class=\"elementor-element elementor-element-398a19d elementor-widget elementor-widget-image\" data-id=\"398a19d\" data-element_type=\"widget\" data-widget_type=\"image.default\">\n\t\t\t\t<div class=\"elementor-widget-container\">\n\t\t\t<style>\/*! elementor - v3.14.0 - 26-06-2023 *\/\n.elementor-widget-image{text-align:center}.elementor-widget-image a{display:inline-block}.elementor-widget-image a img[src$=\".svg\"]{width:48px}.elementor-widget-image img{vertical-align:middle;display:inline-block}<\/style>\t\t\t\t\t\t\t\t\t\t\t\t<img loading=\"lazy\" decoding=\"async\" width=\"235\" height=\"50\" src=\"https:\/\/bscash.com.br\/materiais\/wp-content\/uploads\/2023\/01\/Logo-BScash.png\" class=\"attachment-full size-full wp-image-19\" alt=\"\" \/>\t\t\t\t\t\t\t\t\t\t\t\t\t\t\t<\/div>\n\t\t\t\t<\/div>\n\t\t\t\t\t<\/div>\n\t\t<\/div>\n\t\t\t\t\t\t\t<\/div>\n\t\t<\/section>\n\t\t\t\t\t<\/div>\n\t\t<\/div>\n\t\t\t\t\t\t\t<\/div>\n\t\t<\/section>\n\t\t\t\t<section class=\"elementor-section elementor-top-section elementor-element elementor-element-417f22a elementor-section-full_width elementor-section-height-min-height elementor-section-items-top elementor-hidden-mobile elementor-section-height-default\" data-id=\"417f22a\" data-element_type=\"section\" data-settings=\"{&quot;background_background&quot;:&quot;classic&quot;}\">\n\t\t\t\t\t\t<div class=\"elementor-container elementor-column-gap-default\">\n\t\t\t\t\t<div class=\"elementor-column elementor-col-100 elementor-top-column elementor-element elementor-element-f0326b3\" data-id=\"f0326b3\" data-element_type=\"column\">\n\t\t\t<div class=\"elementor-widget-wrap elementor-element-populated\">\n\t\t\t\t\t\t\t\t<section class=\"elementor-section elementor-inner-section elementor-element elementor-element-fe66109 elementor-section-boxed elementor-section-height-default elementor-section-height-default\" data-id=\"fe66109\" data-element_type=\"section\">\n\t\t\t\t\t\t<div class=\"elementor-container elementor-column-gap-default\">\n\t\t\t\t\t<div class=\"elementor-column elementor-col-50 elementor-inner-column elementor-element elementor-element-7f8700e\" data-id=\"7f8700e\" data-element_type=\"column\" data-settings=\"{&quot;background_background&quot;:&quot;classic&quot;}\">\n\t\t\t<div class=\"elementor-widget-wrap elementor-element-populated\">\n\t\t\t\t\t\t\t\t<div class=\"elementor-element elementor-element-728f29e elementor-widget elementor-widget-heading\" data-id=\"728f29e\" data-element_type=\"widget\" data-widget_type=\"heading.default\">\n\t\t\t\t<div class=\"elementor-widget-container\">\n\t\t\t<style>\/*! elementor - v3.14.0 - 26-06-2023 *\/\n.elementor-heading-title{padding:0;margin:0;line-height:1}.elementor-widget-heading .elementor-heading-title[class*=elementor-size-]>a{color:inherit;font-size:inherit;line-height:inherit}.elementor-widget-heading .elementor-heading-title.elementor-size-small{font-size:15px}.elementor-widget-heading .elementor-heading-title.elementor-size-medium{font-size:19px}.elementor-widget-heading .elementor-heading-title.elementor-size-large{font-size:29px}.elementor-widget-heading .elementor-heading-title.elementor-size-xl{font-size:39px}.elementor-widget-heading .elementor-heading-title.elementor-size-xxl{font-size:59px}<\/style><h2 class=\"elementor-heading-title elementor-size-default\">Recebemos a sua solicita\u00e7\u00e3o.<\/h2>\t\t<\/div>\n\t\t\t\t<\/div>\n\t\t\t\t<div class=\"elementor-element elementor-element-735ea4b elementor-widget elementor-widget-text-editor\" data-id=\"735ea4b\" data-element_type=\"widget\" data-widget_type=\"text-editor.default\">\n\t\t\t\t<div class=\"elementor-widget-container\">\n\t\t\t<style>\/*! elementor - v3.14.0 - 26-06-2023 *\/\n.elementor-widget-text-editor.elementor-drop-cap-view-stacked .elementor-drop-cap{background-color:#69727d;color:#fff}.elementor-widget-text-editor.elementor-drop-cap-view-framed .elementor-drop-cap{color:#69727d;border:3px solid;background-color:transparent}.elementor-widget-text-editor:not(.elementor-drop-cap-view-default) .elementor-drop-cap{margin-top:8px}.elementor-widget-text-editor:not(.elementor-drop-cap-view-default) .elementor-drop-cap-letter{width:1em;height:1em}.elementor-widget-text-editor .elementor-drop-cap{float:left;text-align:center;line-height:1;font-size:50px}.elementor-widget-text-editor .elementor-drop-cap-letter{display:inline-block}<\/style>\t\t\t\t<p>Ser\u00e1 um prazer te apresentar as <strong>solu\u00e7\u00f5es da BScash<\/strong>. <br \/>Em breve um de nossos consultores entrar\u00e1 em contato com voc\u00ea.<\/p>\t\t\t\t\t\t<\/div>\n\t\t\t\t<\/div>\n\t\t\t\t<div class=\"elementor-element elementor-element-184f723 elementor-widget elementor-widget-heading\" data-id=\"184f723\" data-element_type=\"widget\" data-widget_type=\"heading.default\">\n\t\t\t\t<div class=\"elementor-widget-container\">\n\t\t\t<h3 class=\"elementor-heading-title elementor-size-default\">Fique atento ao seu e-mail e telefone. \ud83d\ude09<\/h3>\t\t<\/div>\n\t\t\t\t<\/div>\n\t\t\t\t\t<\/div>\n\t\t<\/div>\n\t\t\t\t<div class=\"elementor-column elementor-col-50 elementor-inner-column elementor-element elementor-element-14389ef\" data-id=\"14389ef\" data-element_type=\"column\">\n\t\t\t<div class=\"elementor-widget-wrap\">\n\t\t\t\t\t\t\t\t\t<\/div>\n\t\t<\/div>\n\t\t\t\t\t\t\t<\/div>\n\t\t<\/section>\n\t\t\t\t\t<\/div>\n\t\t<\/div>\n\t\t\t\t\t\t\t<\/div>\n\t\t<\/section>\n\t\t\t\t<section class=\"elementor-section elementor-top-section elementor-element elementor-element-9b1382a elementor-hidden-desktop elementor-hidden-tablet elementor-section-boxed elementor-section-height-default elementor-section-height-default\" data-id=\"9b1382a\" data-element_type=\"section\">\n\t\t\t\t\t\t<div class=\"elementor-container elementor-column-gap-default\">\n\t\t\t\t\t<div class=\"elementor-column elementor-col-100 elementor-top-column elementor-element elementor-element-15dda8a\" data-id=\"15dda8a\" data-element_type=\"column\">\n\t\t\t<div class=\"elementor-widget-wrap elementor-element-populated\">\n\t\t\t\t\t\t\t\t<section class=\"elementor-section elementor-inner-section elementor-element elementor-element-6f0bf1c elementor-section-boxed elementor-section-height-default elementor-section-height-default\" data-id=\"6f0bf1c\" data-element_type=\"section\">\n\t\t\t\t\t\t<div class=\"elementor-container elementor-column-gap-default\">\n\t\t\t\t\t<div class=\"elementor-column elementor-col-50 elementor-inner-column elementor-element elementor-element-e67e0d3\" data-id=\"e67e0d3\" data-element_type=\"column\" data-settings=\"{&quot;background_background&quot;:&quot;classic&quot;}\">\n\t\t\t<div class=\"elementor-widget-wrap elementor-element-populated\">\n\t\t\t\t\t\t\t\t<div class=\"elementor-element elementor-element-93c8523 elementor-widget elementor-widget-heading\" data-id=\"93c8523\" data-element_type=\"widget\" data-widget_type=\"heading.default\">\n\t\t\t\t<div class=\"elementor-widget-container\">\n\t\t\t<h2 class=\"elementor-heading-title elementor-size-default\">Tudo certo!<\/h2>\t\t<\/div>\n\t\t\t\t<\/div>\n\t\t\t\t<div class=\"elementor-element elementor-element-b626a03 elementor-widget elementor-widget-heading\" data-id=\"b626a03\" data-element_type=\"widget\" data-widget_type=\"heading.default\">\n\t\t\t\t<div class=\"elementor-widget-container\">\n\t\t\t<h2 class=\"elementor-heading-title elementor-size-default\"><strong>Em breve<\/strong>, o nosso time comercial entrar\u00e1 em contato com voc\u00ea!<\/h2>\t\t<\/div>\n\t\t\t\t<\/div>\n\t\t\t\t<div class=\"elementor-element elementor-element-fb4ff81 elementor-widget elementor-widget-heading\" data-id=\"fb4ff81\" data-element_type=\"widget\" data-widget_type=\"heading.default\">\n\t\t\t\t<div class=\"elementor-widget-container\">\n\t\t\t<h3 class=\"elementor-heading-title elementor-size-default\">At\u00e9 j\u00e1 \ud83d\ude09<\/h3>\t\t<\/div>\n\t\t\t\t<\/div>\n\t\t\t\t\t<\/div>\n\t\t<\/div>\n\t\t\t\t<div class=\"elementor-column elementor-col-50 elementor-inner-column elementor-element elementor-element-de78fa8\" data-id=\"de78fa8\" data-element_type=\"column\">\n\t\t\t<div class=\"elementor-widget-wrap\">\n\t\t\t\t\t\t\t\t\t<\/div>\n\t\t<\/div>\n\t\t\t\t\t\t\t<\/div>\n\t\t<\/section>\n\t\t\t\t\t<\/div>\n\t\t<\/div>\n\t\t\t\t\t\t\t<\/div>\n\t\t<\/section>\n\t\t\t\t<section class=\"elementor-section elementor-top-section elementor-element elementor-element-2a98d93 elementor-section-full_width elementor-hidden-desktop elementor-hidden-tablet elementor-section-height-default elementor-section-height-default\" data-id=\"2a98d93\" data-element_type=\"section\" data-settings=\"{&quot;background_background&quot;:&quot;classic&quot;,&quot;shape_divider_top&quot;:&quot;tilt&quot;}\">\n\t\t\t\t\t<div class=\"elementor-shape elementor-shape-top\" data-negative=\"false\">\n\t\t\t<svg xmlns=\"http:\/\/www.w3.org\/2000\/svg\" viewBox=\"0 0 1000 100\" preserveAspectRatio=\"none\">\n\t<path class=\"elementor-shape-fill\" d=\"M0,6V0h1000v100L0,6z\"\/>\n<\/svg>\t\t<\/div>\n\t\t\t\t\t<div class=\"elementor-container elementor-column-gap-default\">\n\t\t\t\t\t<div class=\"elementor-column elementor-col-100 elementor-top-column elementor-element elementor-element-9914d10\" data-id=\"9914d10\" data-element_type=\"column\">\n\t\t\t<div class=\"elementor-widget-wrap elementor-element-populated\">\n\t\t\t\t\t\t\t\t<div class=\"elementor-element elementor-element-ff17249 elementor-widget elementor-widget-image\" data-id=\"ff17249\" data-element_type=\"widget\" data-widget_type=\"image.default\">\n\t\t\t\t<div class=\"elementor-widget-container\">\n\t\t\t\t\t\t\t\t\t\t\t\t\t\t\t<img loading=\"lazy\" decoding=\"async\" width=\"800\" height=\"957\" src=\"https:\/\/bscash.com.br\/materiais\/wp-content\/uploads\/2023\/01\/smiley-pregnant-woman-holding-clipboard-and-pointing-up-with-copy-space-1-856x1024.png\" class=\"attachment-large size-large wp-image-26\" alt=\"\" srcset=\"https:\/\/bscash.com.br\/materiais\/wp-content\/uploads\/2023\/01\/smiley-pregnant-woman-holding-clipboard-and-pointing-up-with-copy-space-1-856x1024.png 856w, https:\/\/bscash.com.br\/materiais\/wp-content\/uploads\/2023\/01\/smiley-pregnant-woman-holding-clipboard-and-pointing-up-with-copy-space-1-251x300.png 251w, https:\/\/bscash.com.br\/materiais\/wp-content\/uploads\/2023\/01\/smiley-pregnant-woman-holding-clipboard-and-pointing-up-with-copy-space-1-768x919.png 768w, https:\/\/bscash.com.br\/materiais\/wp-content\/uploads\/2023\/01\/smiley-pregnant-woman-holding-clipboard-and-pointing-up-with-copy-space-1.png 933w\" sizes=\"auto, (max-width: 800px) 100vw, 800px\" \/>\t\t\t\t\t\t\t\t\t\t\t\t\t\t\t<\/div>\n\t\t\t\t<\/div>\n\t\t\t\t\t<\/div>\n\t\t<\/div>\n\t\t\t\t\t\t\t<\/div>\n\t\t<\/section>\n\t\t\t\t<section class=\"elementor-section elementor-top-section elementor-element elementor-element-fd09586 elementor-section-full_width elementor-section-height-default elementor-section-height-default\" data-id=\"fd09586\" data-element_type=\"section\" data-settings=\"{&quot;background_background&quot;:&quot;classic&quot;}\">\n\t\t\t\t\t\t<div class=\"elementor-container elementor-column-gap-default\">\n\t\t\t\t\t<div class=\"elementor-column elementor-col-100 elementor-top-column elementor-element elementor-element-942224f\" data-id=\"942224f\" data-element_type=\"column\">\n\t\t\t<div class=\"elementor-widget-wrap elementor-element-populated\">\n\t\t\t\t\t\t\t\t<section class=\"elementor-section elementor-inner-section elementor-element elementor-element-4f3e8a4 elementor-section-boxed elementor-section-height-default elementor-section-height-default\" data-id=\"4f3e8a4\" data-element_type=\"section\">\n\t\t\t\t\t\t<div class=\"elementor-container elementor-column-gap-default\">\n\t\t\t\t\t<div class=\"elementor-column elementor-col-50 elementor-inner-column elementor-element elementor-element-82dd0cb\" data-id=\"82dd0cb\" data-element_type=\"column\">\n\t\t\t<div class=\"elementor-widget-wrap elementor-element-populated\">\n\t\t\t\t\t\t\t\t<div class=\"elementor-element elementor-element-364f07f elementor-widget elementor-widget-image\" data-id=\"364f07f\" data-element_type=\"widget\" data-widget_type=\"image.default\">\n\t\t\t\t<div class=\"elementor-widget-container\">\n\t\t\t\t\t\t\t\t\t\t\t\t\t\t\t<img loading=\"lazy\" decoding=\"async\" width=\"235\" height=\"50\" src=\"https:\/\/bscash.com.br\/materiais\/wp-content\/uploads\/2023\/01\/Logo-BScash.png\" class=\"attachment-full size-full wp-image-19\" alt=\"\" \/>\t\t\t\t\t\t\t\t\t\t\t\t\t\t\t<\/div>\n\t\t\t\t<\/div>\n\t\t\t\t\t<\/div>\n\t\t<\/div>\n\t\t\t\t<div class=\"elementor-column elementor-col-50 elementor-inner-column elementor-element elementor-element-653dd9a\" data-id=\"653dd9a\" data-element_type=\"column\">\n\t\t\t<div class=\"elementor-widget-wrap elementor-element-populated\">\n\t\t\t\t\t\t\t\t<div class=\"elementor-element elementor-element-08501eb elementor-icon-list--layout-inline elementor-align-right elementor-list-item-link-full_width elementor-widget elementor-widget-icon-list\" data-id=\"08501eb\" data-element_type=\"widget\" data-widget_type=\"icon-list.default\">\n\t\t\t\t<div class=\"elementor-widget-container\">\n\t\t\t<link rel=\"stylesheet\" href=\"https:\/\/bscash.com.br\/materiais\/wp-content\/plugins\/elementor\/assets\/css\/widget-icon-list.min.css\">\t\t<ul class=\"elementor-icon-list-items elementor-inline-items\">\n\t\t\t\t\t\t\t<li class=\"elementor-icon-list-item elementor-inline-item\">\n\t\t\t\t\t\t\t\t\t\t\t<a href=\"https:\/\/www.facebook.com\/bscash.br\" target=\"_blank\">\n\n\t\t\t\t\t\t\t\t\t\t\t\t<span class=\"elementor-icon-list-icon\">\n\t\t\t\t\t\t\t<i aria-hidden=\"true\" class=\"fab fa-facebook-f\"><\/i>\t\t\t\t\t\t<\/span>\n\t\t\t\t\t\t\t\t\t\t<span class=\"elementor-icon-list-text\"><\/span>\n\t\t\t\t\t\t\t\t\t\t\t<\/a>\n\t\t\t\t\t\t\t\t\t<\/li>\n\t\t\t\t\t\t\t\t<li class=\"elementor-icon-list-item elementor-inline-item\">\n\t\t\t\t\t\t\t\t\t\t\t<a href=\"https:\/\/www.instagram.com\/bscash_\/?igshid=YmMyMTA2M2Y%3D\" target=\"_blank\">\n\n\t\t\t\t\t\t\t\t\t\t\t\t<span class=\"elementor-icon-list-icon\">\n\t\t\t\t\t\t\t<i aria-hidden=\"true\" class=\"fab fa-instagram\"><\/i>\t\t\t\t\t\t<\/span>\n\t\t\t\t\t\t\t\t\t\t<span class=\"elementor-icon-list-text\"><\/span>\n\t\t\t\t\t\t\t\t\t\t\t<\/a>\n\t\t\t\t\t\t\t\t\t<\/li>\n\t\t\t\t\t\t\t\t<li class=\"elementor-icon-list-item elementor-inline-item\">\n\t\t\t\t\t\t\t\t\t\t\t<a href=\"https:\/\/www.linkedin.com\/company\/bscash\/\" target=\"_blank\">\n\n\t\t\t\t\t\t\t\t\t\t\t\t<span class=\"elementor-icon-list-icon\">\n\t\t\t\t\t\t\t<i aria-hidden=\"true\" class=\"fab fa-linkedin-in\"><\/i>\t\t\t\t\t\t<\/span>\n\t\t\t\t\t\t\t\t\t\t<span class=\"elementor-icon-list-text\"><\/span>\n\t\t\t\t\t\t\t\t\t\t\t<\/a>\n\t\t\t\t\t\t\t\t\t<\/li>\n\t\t\t\t\t\t<\/ul>\n\t\t\t\t<\/div>\n\t\t\t\t<\/div>\n\t\t\t\t\t<\/div>\n\t\t<\/div>\n\t\t\t\t\t\t\t<\/div>\n\t\t<\/section>\n\t\t\t\t\t<\/div>\n\t\t<\/div>\n\t\t\t\t\t\t\t<\/div>\n\t\t<\/section>\n\t\t\t\t\t\t\t<\/div>\n\t\t","protected":false},"excerpt":{"rendered":"<p>Recebemos a sua solicita\u00e7\u00e3o. Ser\u00e1 um prazer te apresentar as solu\u00e7\u00f5es da BScash. Em breve um de nossos consultores entrar\u00e1 em contato com voc\u00ea. Fique atento ao seu e-mail e telefone. \ud83d\ude09 Tudo certo! Em breve, o nosso time comercial entrar\u00e1 em contato com voc\u00ea! At\u00e9 j\u00e1 \ud83d\ude09<\/p>\n","protected":false},"author":2,"featured_media":0,"parent":0,"menu_order":0,"comment_status":"closed","ping_status":"closed","template":"elementor_canvas","meta":{"footnotes":""},"class_list":["post-203","page","type-page","status-publish","hentry"],"yoast_head":"<!-- This site is optimized with the Yoast SEO plugin v20.11 - https:\/\/yoast.com\/wordpress\/plugins\/seo\/ -->\n<title>Automa\u00e7\u00e3o Calend\u00e1rio 2023 Emails - P\u00e1gina de Obrigado - Materiais BScash<\/title>\n<meta name=\"robots\" content=\"index, follow, max-snippet:-1, max-image-preview:large, max-video-preview:-1\" \/>\n<link rel=\"canonical\" href=\"https:\/\/bscash.com.br\/materiais\/obrigado-por-solicitar\/\" \/>\n<meta property=\"og:locale\" content=\"pt_BR\" \/>\n<meta property=\"og:type\" content=\"article\" \/>\n<meta property=\"og:title\" content=\"Automa\u00e7\u00e3o Calend\u00e1rio 2023 Emails - P\u00e1gina de Obrigado - Materiais BScash\" \/>\n<meta property=\"og:description\" content=\"Recebemos a sua solicita\u00e7\u00e3o. Ser\u00e1 um prazer te apresentar as solu\u00e7\u00f5es da BScash. Em breve um de nossos consultores entrar\u00e1 em contato com voc\u00ea. Fique atento ao seu e-mail e telefone. \ud83d\ude09 Tudo certo! Em breve, o nosso time comercial entrar\u00e1 em contato com voc\u00ea! At\u00e9 j\u00e1 \ud83d\ude09\" \/>\n<meta property=\"og:url\" content=\"https:\/\/bscash.com.br\/materiais\/obrigado-por-solicitar\/\" \/>\n<meta property=\"og:site_name\" content=\"Materiais BScash\" \/>\n<meta property=\"article:modified_time\" content=\"2023-01-24T19:56:15+00:00\" \/>\n<meta property=\"og:image\" content=\"https:\/\/bscash.com.br\/materiais\/wp-content\/uploads\/2023\/01\/Logo-BScash.png\" \/>\n<meta name=\"twitter:card\" content=\"summary_large_image\" \/>\n<meta name=\"twitter:label1\" content=\"Est. tempo de leitura\" \/>\n\t<meta name=\"twitter:data1\" content=\"2 minutos\" \/>\n<script type=\"application\/ld+json\" class=\"yoast-schema-graph\">{\"@context\":\"https:\/\/schema.org\",\"@graph\":[{\"@type\":\"WebPage\",\"@id\":\"https:\/\/bscash.com.br\/materiais\/obrigado-por-solicitar\/\",\"url\":\"https:\/\/bscash.com.br\/materiais\/obrigado-por-solicitar\/\",\"name\":\"Automa\u00e7\u00e3o Calend\u00e1rio 2023 Emails - P\u00e1gina de Obrigado - Materiais BScash\",\"isPartOf\":{\"@id\":\"https:\/\/bscash.com.br\/materiais\/#website\"},\"datePublished\":\"2023-01-19T17:20:51+00:00\",\"dateModified\":\"2023-01-24T19:56:15+00:00\",\"breadcrumb\":{\"@id\":\"https:\/\/bscash.com.br\/materiais\/obrigado-por-solicitar\/#breadcrumb\"},\"inLanguage\":\"pt-BR\",\"potentialAction\":[{\"@type\":\"ReadAction\",\"target\":[\"https:\/\/bscash.com.br\/materiais\/obrigado-por-solicitar\/\"]}]},{\"@type\":\"BreadcrumbList\",\"@id\":\"https:\/\/bscash.com.br\/materiais\/obrigado-por-solicitar\/#breadcrumb\",\"itemListElement\":[{\"@type\":\"ListItem\",\"position\":1,\"name\":\"In\u00edcio\",\"item\":\"https:\/\/bscash.com.br\/materiais\/\"},{\"@type\":\"ListItem\",\"position\":2,\"name\":\"Automa\u00e7\u00e3o Calend\u00e1rio 2023 Emails &#8211; P\u00e1gina de Obrigado\"}]},{\"@type\":\"WebSite\",\"@id\":\"https:\/\/bscash.com.br\/materiais\/#website\",\"url\":\"https:\/\/bscash.com.br\/materiais\/\",\"name\":\"Materiais BScash\",\"description\":\"\",\"publisher\":{\"@id\":\"https:\/\/bscash.com.br\/materiais\/#organization\"},\"potentialAction\":[{\"@type\":\"SearchAction\",\"target\":{\"@type\":\"EntryPoint\",\"urlTemplate\":\"https:\/\/bscash.com.br\/materiais\/?s={search_term_string}\"},\"query-input\":\"required name=search_term_string\"}],\"inLanguage\":\"pt-BR\"},{\"@type\":\"Organization\",\"@id\":\"https:\/\/bscash.com.br\/materiais\/#organization\",\"name\":\"Materiais BScash\",\"url\":\"https:\/\/bscash.com.br\/materiais\/\",\"logo\":{\"@type\":\"ImageObject\",\"inLanguage\":\"pt-BR\",\"@id\":\"https:\/\/bscash.com.br\/materiais\/#\/schema\/logo\/image\/\",\"url\":\"https:\/\/bscash.com.br\/materiais\/wp-content\/uploads\/2023\/01\/cropped-favicon-bscash-1.png\",\"contentUrl\":\"https:\/\/bscash.com.br\/materiais\/wp-content\/uploads\/2023\/01\/cropped-favicon-bscash-1.png\",\"width\":28,\"height\":28,\"caption\":\"Materiais BScash\"},\"image\":{\"@id\":\"https:\/\/bscash.com.br\/materiais\/#\/schema\/logo\/image\/\"}}]}<\/script>\n<!-- \/ Yoast SEO plugin. -->","yoast_head_json":{"title":"Automa\u00e7\u00e3o Calend\u00e1rio 2023 Emails - P\u00e1gina de Obrigado - Materiais BScash","robots":{"index":"index","follow":"follow","max-snippet":"max-snippet:-1","max-image-preview":"max-image-preview:large","max-video-preview":"max-video-preview:-1"},"canonical":"https:\/\/bscash.com.br\/materiais\/obrigado-por-solicitar\/","og_locale":"pt_BR","og_type":"article","og_title":"Automa\u00e7\u00e3o Calend\u00e1rio 2023 Emails - P\u00e1gina de Obrigado - Materiais BScash","og_description":"Recebemos a sua solicita\u00e7\u00e3o. Ser\u00e1 um prazer te apresentar as solu\u00e7\u00f5es da BScash. Em breve um de nossos consultores entrar\u00e1 em contato com voc\u00ea. Fique atento ao seu e-mail e telefone. \ud83d\ude09 Tudo certo! Em breve, o nosso time comercial entrar\u00e1 em contato com voc\u00ea! At\u00e9 j\u00e1 \ud83d\ude09","og_url":"https:\/\/bscash.com.br\/materiais\/obrigado-por-solicitar\/","og_site_name":"Materiais BScash","article_modified_time":"2023-01-24T19:56:15+00:00","og_image":[{"url":"https:\/\/bscash.com.br\/materiais\/wp-content\/uploads\/2023\/01\/Logo-BScash.png"}],"twitter_card":"summary_large_image","twitter_misc":{"Est. tempo de leitura":"2 minutos"},"schema":{"@context":"https:\/\/schema.org","@graph":[{"@type":"WebPage","@id":"https:\/\/bscash.com.br\/materiais\/obrigado-por-solicitar\/","url":"https:\/\/bscash.com.br\/materiais\/obrigado-por-solicitar\/","name":"Automa\u00e7\u00e3o Calend\u00e1rio 2023 Emails - P\u00e1gina de Obrigado - Materiais BScash","isPartOf":{"@id":"https:\/\/bscash.com.br\/materiais\/#website"},"datePublished":"2023-01-19T17:20:51+00:00","dateModified":"2023-01-24T19:56:15+00:00","breadcrumb":{"@id":"https:\/\/bscash.com.br\/materiais\/obrigado-por-solicitar\/#breadcrumb"},"inLanguage":"pt-BR","potentialAction":[{"@type":"ReadAction","target":["https:\/\/bscash.com.br\/materiais\/obrigado-por-solicitar\/"]}]},{"@type":"BreadcrumbList","@id":"https:\/\/bscash.com.br\/materiais\/obrigado-por-solicitar\/#breadcrumb","itemListElement":[{"@type":"ListItem","position":1,"name":"In\u00edcio","item":"https:\/\/bscash.com.br\/materiais\/"},{"@type":"ListItem","position":2,"name":"Automa\u00e7\u00e3o Calend\u00e1rio 2023 Emails &#8211; P\u00e1gina de Obrigado"}]},{"@type":"WebSite","@id":"https:\/\/bscash.com.br\/materiais\/#website","url":"https:\/\/bscash.com.br\/materiais\/","name":"Materiais BScash","description":"","publisher":{"@id":"https:\/\/bscash.com.br\/materiais\/#organization"},"potentialAction":[{"@type":"SearchAction","target":{"@type":"EntryPoint","urlTemplate":"https:\/\/bscash.com.br\/materiais\/?s={search_term_string}"},"query-input":"required name=search_term_string"}],"inLanguage":"pt-BR"},{"@type":"Organization","@id":"https:\/\/bscash.com.br\/materiais\/#organization","name":"Materiais BScash","url":"https:\/\/bscash.com.br\/materiais\/","logo":{"@type":"ImageObject","inLanguage":"pt-BR","@id":"https:\/\/bscash.com.br\/materiais\/#\/schema\/logo\/image\/","url":"https:\/\/bscash.com.br\/materiais\/wp-content\/uploads\/2023\/01\/cropped-favicon-bscash-1.png","contentUrl":"https:\/\/bscash.com.br\/materiais\/wp-content\/uploads\/2023\/01\/cropped-favicon-bscash-1.png","width":28,"height":28,"caption":"Materiais BScash"},"image":{"@id":"https:\/\/bscash.com.br\/materiais\/#\/schema\/logo\/image\/"}}]}},"_links":{"self":[{"href":"https:\/\/bscash.com.br\/materiais\/wp-json\/wp\/v2\/pages\/203","targetHints":{"allow":["GET"]}}],"collection":[{"href":"https:\/\/bscash.com.br\/materiais\/wp-json\/wp\/v2\/pages"}],"about":[{"href":"https:\/\/bscash.com.br\/materiais\/wp-json\/wp\/v2\/types\/page"}],"author":[{"embeddable":true,"href":"https:\/\/bscash.com.br\/materiais\/wp-json\/wp\/v2\/users\/2"}],"replies":[{"embeddable":true,"href":"https:\/\/bscash.com.br\/materiais\/wp-json\/wp\/v2\/comments?post=203"}],"version-history":[{"count":10,"href":"https:\/\/bscash.com.br\/materiais\/wp-json\/wp\/v2\/pages\/203\/revisions"}],"predecessor-version":[{"id":260,"href":"https:\/\/bscash.com.br\/materiais\/wp-json\/wp\/v2\/pages\/203\/revisions\/260"}],"wp:attachment":[{"href":"https:\/\/bscash.com.br\/materiais\/wp-json\/wp\/v2\/media?parent=203"}],"curies":[{"name":"wp","href":"https:\/\/api.w.org\/{rel}","templated":true}]}}